{"id":110,"date":"2012-11-26T11:24:20","date_gmt":"2012-11-26T11:24:20","guid":{"rendered":"http:\/\/www.apontedaspartidas.com\/?page_id=110"},"modified":"2012-11-29T11:56:30","modified_gmt":"2012-11-29T11:56:30","slug":"las-islas-cies","status":"publish","type":"page","link":"https:\/\/apontedaspartidas.com\/?page_id=110","title":{"rendered":"Islas C\u00edes"},"content":{"rendered":"<p>&nbsp;<\/p>\n<p align=\"justify\">El Parque Nacional Mar\u00edtimo Terrestre de las Islas Atl\u00e1nticas de Galicia, es el primer y \u00fanico espacio con esta categor\u00eda de la comunidad aut\u00f3noma gallega y el segundo en el territorio nacional de car\u00e1cter mar\u00edtimo-terrestre, junto al Archipi\u00e9lago de Cabrera en Baleares.<\/p>\n<p align=\"justify\">Estas islas fueron declaradas Parque Nacional en el a\u00f1o 2002 como una de las mejores muestras de los ecosistemas propios de las costas y fondos marinos atl\u00e1nticos espa\u00f1oles.<\/p>\n<p align=\"justify\">El Parque Nacional comprende los archipi\u00e9lagos de Cortegada, S\u00e1lvora, Ons y C\u00edes y el espacio mar\u00edtimo que los rodea, constituyendo esta franja marina el 86% de la superficie total protegida, lo que nos da una idea clara de la importancia del medio marino en este espacio protegido.<\/p>\n<p align=\"justify\">En sus aguas podemos encontrar diversos tipos de fondos que acogen ecosistemas de gran valor pero susceptibles de ser alterados y destruidos si no se regulan de forma adecuada las actividades que se llevan a cabo en esta zona mar\u00edtima como son la navegaci\u00f3n y el fondeo de embarcaciones.<\/p>\n<p align=\"justify\">\u00a0<a href=\"https:\/\/www.google.es\/search?q=islas+atlanticas&amp;hl=es&amp;prmd=imvns&amp;tbm=isch&amp;tbo=u&amp;source=univ&amp;sa=X&amp;ei=mJmqUNO7Ge6r0AWio4HIDA&amp;sqi=2&amp;ved=0CDsQsAQ&amp;biw=1243&amp;bih=611\"><em>Pulsa aqu\u00ed para ver las im\u00e1genes<\/em><\/a><\/p>\n<p align=\"justify\">Es por ello que el parque ha creado un sistema muy innovador para la solicitud de permisos de buceo y fondeo a trav\u00e9s de nuestra web:<\/p>\n<ul>\n<li><a href=\"http:\/\/www.iatlanticas.es\/index.php?option=com_wrapper&amp;view=wrapper&amp;Itemid=200082&amp;lang=es\">Si desea solicitar un permiso de buceo haga click aqu\u00ed<\/a>.<\/li>\n<\/ul>\n<ul>\n<li><a href=\"http:\/\/www.iatlanticas.es\/index.php?option=com_wrapper&amp;view=wrapper&amp;Itemid=200077&amp;lang=es\">Si desea solicitar un permiso de fondeo haga click aqu\u00ed<\/a>.<\/li>\n<\/ul>\n<ul>\n<li><a href=\"http:\/\/www.iatlanticas.es\/index.php?option=com_wrapper&amp;view=wrapper&amp;Itemid=200085&amp;lang=es\">Si desea solicitar un permiso de acampada en la Isla de Ons haga click aqu\u00ed<\/a>.<\/li>\n<\/ul>\n<p>&nbsp;<\/p>\n","protected":false},"excerpt":{"rendered":"<p>&nbsp; El Parque Nacional Mar\u00edtimo Terrestre de las Islas Atl\u00e1nticas de Galicia, es el primer y \u00fanico espacio con esta categor\u00eda de la comunidad aut\u00f3noma gallega y el segundo en el territorio nacional de car\u00e1cter mar\u00edtimo-terrestre, junto al Archipi\u00e9lago de &hellip; <a href=\"https:\/\/apontedaspartidas.com\/?page_id=110\">Sigue leyendo <span class=\"meta-nav\">&rarr;<\/span><\/a><\/p>\n","protected":false},"author":1,"featured_media":0,"parent":71,"menu_order":0,"comment_status":"closed","ping_status":"open","template":"","meta":{"_monsterinsights_skip_tracking":false,"_monsterinsights_sitenote_active":false,"_monsterinsights_sitenote_note":"","_monsterinsights_sitenote_category":0,"ngg_post_thumbnail":0,"footnotes":""},"class_list":["post-110","page","type-page","status-publish","hentry"],"yoast_head":"<!-- This site is optimized with the Yoast SEO plugin v27.4 - https:\/\/yoast.com\/product\/yoast-seo-wordpress\/ -->\n<title>Islas C\u00edes - A PONTE DAS PARTIDAS<\/title>\n<meta name=\"robots\" content=\"index, follow, max-snippet:-1, max-image-preview:large, max-video-preview:-1\" \/>\n<link rel=\"canonical\" href=\"https:\/\/apontedaspartidas.com\/?page_id=110\" \/>\n<meta property=\"og:locale\" content=\"es_ES\" \/>\n<meta property=\"og:type\" content=\"article\" \/>\n<meta property=\"og:title\" content=\"Islas C\u00edes - A PONTE DAS PARTIDAS\" \/>\n<meta property=\"og:description\" content=\"&nbsp; El Parque Nacional Mar\u00edtimo Terrestre de las Islas Atl\u00e1nticas de Galicia, es el primer y \u00fanico espacio con esta categor\u00eda de la comunidad aut\u00f3noma gallega y el segundo en el territorio nacional de car\u00e1cter mar\u00edtimo-terrestre, junto al Archipi\u00e9lago de &hellip; Sigue leyendo &rarr;\" \/>\n<meta property=\"og:url\" content=\"https:\/\/apontedaspartidas.com\/?page_id=110\" \/>\n<meta property=\"og:site_name\" content=\"A PONTE DAS PARTIDAS\" \/>\n<meta property=\"article:modified_time\" content=\"2012-11-29T11:56:30+00:00\" \/>\n<meta name=\"twitter:label1\" content=\"Tiempo de lectura\" \/>\n\t<meta name=\"twitter:data1\" content=\"1 minuto\" \/>\n<script type=\"application\/ld+json\" class=\"yoast-schema-graph\">{\"@context\":\"https:\\\/\\\/schema.org\",\"@graph\":[{\"@type\":\"WebPage\",\"@id\":\"https:\\\/\\\/apontedaspartidas.com\\\/?page_id=110\",\"url\":\"https:\\\/\\\/apontedaspartidas.com\\\/?page_id=110\",\"name\":\"Islas C\u00edes - A PONTE DAS PARTIDAS\",\"isPartOf\":{\"@id\":\"https:\\\/\\\/apontedaspartidas.com\\\/#website\"},\"datePublished\":\"2012-11-26T11:24:20+00:00\",\"dateModified\":\"2012-11-29T11:56:30+00:00\",\"breadcrumb\":{\"@id\":\"https:\\\/\\\/apontedaspartidas.com\\\/?page_id=110#breadcrumb\"},\"inLanguage\":\"es\",\"potentialAction\":[{\"@type\":\"ReadAction\",\"target\":[\"https:\\\/\\\/apontedaspartidas.com\\\/?page_id=110\"]}]},{\"@type\":\"BreadcrumbList\",\"@id\":\"https:\\\/\\\/apontedaspartidas.com\\\/?page_id=110#breadcrumb\",\"itemListElement\":[{\"@type\":\"ListItem\",\"position\":1,\"name\":\"Portada\",\"item\":\"https:\\\/\\\/apontedaspartidas.com\\\/\"},{\"@type\":\"ListItem\",\"position\":2,\"name\":\"Que hacer\",\"item\":\"https:\\\/\\\/apontedaspartidas.com\\\/?page_id=71\"},{\"@type\":\"ListItem\",\"position\":3,\"name\":\"Islas C\u00edes\"}]},{\"@type\":\"WebSite\",\"@id\":\"https:\\\/\\\/apontedaspartidas.com\\\/#website\",\"url\":\"https:\\\/\\\/apontedaspartidas.com\\\/\",\"name\":\"A PONTE DAS PARTIDAS\",\"description\":\"Apartamentos en el rural gallego\",\"potentialAction\":[{\"@type\":\"SearchAction\",\"target\":{\"@type\":\"EntryPoint\",\"urlTemplate\":\"https:\\\/\\\/apontedaspartidas.com\\\/?s={search_term_string}\"},\"query-input\":{\"@type\":\"PropertyValueSpecification\",\"valueRequired\":true,\"valueName\":\"search_term_string\"}}],\"inLanguage\":\"es\"}]}<\/script>\n<!-- \/ Yoast SEO plugin. -->","yoast_head_json":{"title":"Islas C\u00edes - A PONTE DAS PARTIDAS","robots":{"index":"index","follow":"follow","max-snippet":"max-snippet:-1","max-image-preview":"max-image-preview:large","max-video-preview":"max-video-preview:-1"},"canonical":"https:\/\/apontedaspartidas.com\/?page_id=110","og_locale":"es_ES","og_type":"article","og_title":"Islas C\u00edes - A PONTE DAS PARTIDAS","og_description":"&nbsp; El Parque Nacional Mar\u00edtimo Terrestre de las Islas Atl\u00e1nticas de Galicia, es el primer y \u00fanico espacio con esta categor\u00eda de la comunidad aut\u00f3noma gallega y el segundo en el territorio nacional de car\u00e1cter mar\u00edtimo-terrestre, junto al Archipi\u00e9lago de &hellip; Sigue leyendo &rarr;","og_url":"https:\/\/apontedaspartidas.com\/?page_id=110","og_site_name":"A PONTE DAS PARTIDAS","article_modified_time":"2012-11-29T11:56:30+00:00","twitter_misc":{"Tiempo de lectura":"1 minuto"},"schema":{"@context":"https:\/\/schema.org","@graph":[{"@type":"WebPage","@id":"https:\/\/apontedaspartidas.com\/?page_id=110","url":"https:\/\/apontedaspartidas.com\/?page_id=110","name":"Islas C\u00edes - A PONTE DAS PARTIDAS","isPartOf":{"@id":"https:\/\/apontedaspartidas.com\/#website"},"datePublished":"2012-11-26T11:24:20+00:00","dateModified":"2012-11-29T11:56:30+00:00","breadcrumb":{"@id":"https:\/\/apontedaspartidas.com\/?page_id=110#breadcrumb"},"inLanguage":"es","potentialAction":[{"@type":"ReadAction","target":["https:\/\/apontedaspartidas.com\/?page_id=110"]}]},{"@type":"BreadcrumbList","@id":"https:\/\/apontedaspartidas.com\/?page_id=110#breadcrumb","itemListElement":[{"@type":"ListItem","position":1,"name":"Portada","item":"https:\/\/apontedaspartidas.com\/"},{"@type":"ListItem","position":2,"name":"Que hacer","item":"https:\/\/apontedaspartidas.com\/?page_id=71"},{"@type":"ListItem","position":3,"name":"Islas C\u00edes"}]},{"@type":"WebSite","@id":"https:\/\/apontedaspartidas.com\/#website","url":"https:\/\/apontedaspartidas.com\/","name":"A PONTE DAS PARTIDAS","description":"Apartamentos en el rural gallego","potentialAction":[{"@type":"SearchAction","target":{"@type":"EntryPoint","urlTemplate":"https:\/\/apontedaspartidas.com\/?s={search_term_string}"},"query-input":{"@type":"PropertyValueSpecification","valueRequired":true,"valueName":"search_term_string"}}],"inLanguage":"es"}]}},"_links":{"self":[{"href":"https:\/\/apontedaspartidas.com\/index.php?rest_route=\/wp\/v2\/pages\/110","targetHints":{"allow":["GET"]}}],"collection":[{"href":"https:\/\/apontedaspartidas.com\/index.php?rest_route=\/wp\/v2\/pages"}],"about":[{"href":"https:\/\/apontedaspartidas.com\/index.php?rest_route=\/wp\/v2\/types\/page"}],"author":[{"embeddable":true,"href":"https:\/\/apontedaspartidas.com\/index.php?rest_route=\/wp\/v2\/users\/1"}],"replies":[{"embeddable":true,"href":"https:\/\/apontedaspartidas.com\/index.php?rest_route=%2Fwp%2Fv2%2Fcomments&post=110"}],"version-history":[{"count":7,"href":"https:\/\/apontedaspartidas.com\/index.php?rest_route=\/wp\/v2\/pages\/110\/revisions"}],"predecessor-version":[{"id":112,"href":"https:\/\/apontedaspartidas.com\/index.php?rest_route=\/wp\/v2\/pages\/110\/revisions\/112"}],"up":[{"embeddable":true,"href":"https:\/\/apontedaspartidas.com\/index.php?rest_route=\/wp\/v2\/pages\/71"}],"wp:attachment":[{"href":"https:\/\/apontedaspartidas.com\/index.php?rest_route=%2Fwp%2Fv2%2Fmedia&parent=110"}],"curies":[{"name":"wp","href":"https:\/\/api.w.org\/{rel}","templated":true}]}}