{"id":36,"date":"2012-11-19T20:16:34","date_gmt":"2012-11-19T20:16:34","guid":{"rendered":"http:\/\/www.apontedaspartidas.com\/?page_id=36"},"modified":"2013-01-14T19:27:37","modified_gmt":"2013-01-14T19:27:37","slug":"rutasruta-de-los-molinos","status":"publish","type":"page","link":"https:\/\/apontedaspartidas.com\/?page_id=36","title":{"rendered":"Ruta PRG-119 del Xabri\u00f1a"},"content":{"rendered":"ngg_shortcode_0_placeholder\n<div>El r\u00edo\u00a0<strong>Xabri\u00f1a,<\/strong>\u00a0afluente del Tea, se convierte en el verdadero protagonista de esta ruta circular que parte de la parroquia de\u00a0<strong>Para\u00f1os<\/strong>\u00a0y que visita otros lugares como\u00a0<strong>Prado de Canda<\/strong>\u00a0y\u00a0<strong>A Lamosa.<\/strong><\/div>\n<div>ver galer\u00eda<\/div>\n<div style=\"text-align: justify;\"> ngg_shortcode_1_placeholder <\/p>\n<div style=\"text-align: justify;\"><\/div>\n<div style=\"text-align: justify;\">Adem\u00e1s de la exquisita vegetaci\u00f3n que presenta en sus orillas, a lo largo del camino se puede disfrutar de una extraordinaria riqueza etnogr\u00e1fica y cultural ya que durante toda la ruta nos encontramos con elementos de gran valor y en buen estado de conservaci\u00f3n como la iglesia parroquial de Para\u00f1os, varias cerer\u00edas antiguas como el\u00a0<strong>\u201cLagar da Cera<\/strong>\u201d en Portocorti\u00f1as, casi treinta molinos a lo largo del r\u00edo, caminos tradicionales, fuentes, pasos de agua y puentes como el de Ponte Fol\u00f3n.<\/div>\n<div style=\"text-align: justify;\"><\/div>\n<div style=\"text-align: justify;\">Su dise\u00f1o circular se divide en dos grandes anillos.\u00a0El primero recorre el r\u00edo desde Para\u00f1os, a trav\u00e9s de frondosos bosques, hasta Ponte Fol\u00f3n. El segundo anillo, que visita Prado y A Lamosa, nos acerca al Mirador de Cotos da Bouza y a peque\u00f1as aldeas donde poder conocer la actividad de los antiguos artesanos que se dedicaban a trabajar con la cera.<\/div>\n<div style=\"text-align: justify;\"><\/div>\n<div style=\"text-align: justify;\">Adem\u00e1s, en varios puntos del camino se puede\u00a0disfrutar de paneles que recogen poes\u00edas del poeta gallego\u00a0<strong><a href=\"http:\/\/es.wikipedia.org\/wiki\/Ux%C3%ADo_Novoneyra\">Ux\u00edo Novoneyra<\/a>\u00a0<\/strong>de su libro titulado \u201cOs Eidos\u201d.<\/div>\n<div style=\"text-align: justify;\"><\/div>\n<div style=\"text-align: justify;\"><strong>Km. 0. Plaza de Cotarel. Inicio del sendero.<\/strong><br \/>\nDespu\u00e9s de tomar datos del sendero en el panel informativo, comenzamos el itinerario dando la espalda al camino por donde entramos en la plaza, siguiendo la direcci\u00f3n qu<a href=\"http:\/\/www.apontedaspartidas.com\/wp-content\/uploads\/2012\/11\/lagar-de-cera-de-Tio-Bernardo.gif\"><img loading=\"lazy\" decoding=\"async\" class=\"alignright size-thumbnail wp-image-177\" title=\"lagar de cera de Tio Bernardo\" src=\"http:\/\/www.apontedaspartidas.com\/wp-content\/uploads\/2012\/11\/lagar-de-cera-de-Tio-Bernardo-150x133.gif\" alt=\"\" width=\"150\" height=\"133\" \/><\/a>e nos indica una flecha, hasta alcanzar un cruce. A la derecha, a poco m\u00e1s de 50 metros tenemos un lagar y una \u00abeira\u00bb de los antiguos \u00abcereiros\u00bb<br \/>\n<strong>Km. 0,155 Lagar y \u00abeira da cera\u00bb de T\u00edo Bernardo.\u00a0<\/strong><br \/>\nEn el lagar, recientemente restaurado, podemos ver los medios que utilizaban los \u00abcereiros\u00bb en el tratamiento de la cera de abejas para la confecci\u00f3n de velas. Regresamos al cruce y seguimos de frente.<strong>Km. 0,195 Barrio de Margarida.<\/strong><br \/>\nAl llegar a un hermoso cruceiro que hace de rotonda, entramos en el barrio de Margarida, tenemos tambi\u00e9n una fuente en donde podemos llenar la cantimplora. El camino sigue a la derecha.<br \/>\n<strong>Km. 0,310 Iglesia de Santa Mar\u00eda de Para\u00f1os.<\/strong><\/div>\n<div style=\"text-align: justify;\">\n<p>A medida de caminamos por la estrecha r\u00faa, dejamos a nuestra derecha la iglesia,<\/p>\n<div id=\"attachment_182\" style=\"width: 160px\" class=\"wp-caption alignright\"><a href=\"http:\/\/www.apontedaspartidas.com\/wp-content\/uploads\/2012\/11\/casa-do-botiquin1.gif\"><img loading=\"lazy\" decoding=\"async\" aria-describedby=\"caption-attachment-182\" class=\"size-thumbnail wp-image-182\" title=\"casa do botiquin\" src=\"http:\/\/www.apontedaspartidas.com\/wp-content\/uploads\/2012\/11\/casa-do-botiquin1-150x133.gif\" alt=\"casa do botiquin\" width=\"150\" height=\"133\" \/><\/a><p id=\"caption-attachment-182\" class=\"wp-caption-text\">casa do botiquin<\/p><\/div>\n<p>interesante construcci\u00f3n del siglo XVIII, m\u00e1s adelante un hermoso palomar y a ambos lados casas de estilo tradicional y muy bien rehabilitadas. Al final del lugar, dejamos a la derecha una plazoleta y entramos en caminos de carro fuera del asfalto y que\u00a0nos pone en contacto con el protagonista de este sendero, el r\u00edo Xabri\u00f1a.<\/p>\n<\/div>\n<div style=\"text-align: justify;\"><strong>Km. 0,800 R\u00edo Xabri\u00f1a.<\/strong><br \/>\nA orillas del r\u00edo, encontramos el primer molino, de Fundego, de los muchos que veremos<\/p>\n<div id=\"attachment_179\" style=\"width: 160px\" class=\"wp-caption alignright\"><a href=\"http:\/\/www.apontedaspartidas.com\/wp-content\/uploads\/2012\/11\/puente-lagoa.gif\"><img loading=\"lazy\" decoding=\"async\" aria-describedby=\"caption-attachment-179\" class=\"size-thumbnail wp-image-179\" title=\"puente lagoa\" src=\"http:\/\/www.apontedaspartidas.com\/wp-content\/uploads\/2012\/11\/puente-lagoa-150x133.gif\" alt=\"puente lagoa\" width=\"150\" height=\"133\" \/><\/a><p id=\"caption-attachment-179\" class=\"wp-caption-text\">puente lagoa<\/p><\/div>\n<p>en todo el recorrido, seguimos aguas abajo por prados de regad\u00edo y mas adelante caminamos entre una espesa vegetaci\u00f3n de ribera que coloniza todo el entorno.<br \/>\n<strong><\/strong><\/p>\n<p><strong>Km. 1,180 Puente de madera de A Lagoa.\u00a0<\/strong><br \/>\nAl alcanzar el puente pasamos a la otra orilla y seguimos r\u00edo arriba caminando por un estrecho sendero de pescadores, pasamos junto al molino de Recouc\u00f3n y por unas escaleras de madera, nos situamos en un plano superior, en una \u00ablevada\u00bb.<br \/>\n<strong><\/strong><\/p>\n<p><strong>Km. 1,630 Fonte da Fame.<\/strong><br \/>\nUna escalera de madera desciende a orillas del r\u00edo en donde encontraremos una fuente cuya virtud es que sus aguas estimulan el apetito, de ah\u00ed el nombre de \u00abfonte da fame\u00bb. Continuamos disfrutando del espect\u00e1culo que nos ofrece este tramo del Xabri\u00f1a y despu\u00e9s de pasar el molino de Las Medelas y de Paquito, este \u00faltimo rehabilitado y en funcionamiento, alcanzamos el puente peatonal de Outeiro por el que pasaremos a la otra orilla.<br \/>\n<strong><\/strong><\/p>\n<p><strong>Km. 1,725 Lugar de Outeiro.<\/strong><br \/>\nDando la espalda al puente, pasamos entre dos molinos y seguimos la \u00ablevada\u00bb de \u00e9stos, teniendo siempre como referencia el r\u00edo a nuestra derecha. El sendero baja a la orilla y de nuevo se sit\u00faa en un plano superior hasta llegar al puente de Roupeiro.<br \/>\n<strong><\/strong><\/p>\n<p><strong>Km. 2,210 Puente de Roupeiro.\u00a0<\/strong><\/p>\n<\/div>\n<div style=\"text-align: justify;\">\n<div style=\"text-align: justify;\">El sendero alcanza una escala met\u00e1lica que nos sit\u00faa en una pista; giramos a\u00a0la derecha<\/div>\n<div id=\"attachment_183\" style=\"width: 160px\" class=\"wp-caption alignright\"><a href=\"http:\/\/www.apontedaspartidas.com\/wp-content\/uploads\/2012\/11\/molino-de-Roupeiro1.gif\"><img loading=\"lazy\" decoding=\"async\" aria-describedby=\"caption-attachment-183\" class=\"size-thumbnail wp-image-183\" title=\"molino de Roupeiro\" src=\"http:\/\/www.apontedaspartidas.com\/wp-content\/uploads\/2012\/11\/molino-de-Roupeiro1-150x133.gif\" alt=\"molino de Roupeiro\" width=\"150\" height=\"133\" \/><\/a><p id=\"caption-attachment-183\" class=\"wp-caption-text\">molino de Roupeiro<\/p><\/div>\n<p><span>y en poco m\u00e1s de 40 metros alcanzamos el \u00e1rea recreativa de Roupeiro. Si de\u00a0<\/span><span>seamos abandonar el sendero, en el puente giramos a la izquierda y en escasos minutos\u00a0<\/span><span>alcanzamos la plaza de Cotarel, en donde tenemos aparcados el coche.\u00a0<\/span><\/p>\n<\/div>\n<div style=\"text-align: justify;\"><strong>Km. 2,250 \u00c1rea recreativa de Roupeiro.<\/strong><\/div>\n<div style=\"text-align: justify;\"><\/div>\n<div style=\"text-align: justify;\">En este rinc\u00f3n del itinerario, podemos hacer un descanso. Un molino de doble muela recientemente rehabilitado, unas mesas y la frondosa vegetaci\u00f3n, invitan a la parada y disfrutar de este entorno. Retomamos la marcha con un peque\u00f1o ascenso para seguir un camino de a pi\u00e9 junto a la \u00ablevada\u00bb del molino.<br \/>\n<strong><\/strong><\/div>\n<div style=\"text-align: justify;\"><\/div>\n<div style=\"text-align: justify;\"><strong>Km. 2,415 Lugar de A Feixa<\/strong>.<\/div>\n<div style=\"text-align: justify;\"><\/div>\n<div style=\"text-align: justify;\">Dominando la orilla opuesta, tenemos tres molinos, de Peso, de los Duran y de Xirondo, y a continuaci\u00f3n la poza de Brea nos invita al chapuz\u00f3n. Un poco m\u00e1s arriba un puente de hormig\u00f3n conduce a una zona con fuente y lavadero.<br \/>\n<strong><\/strong><\/div>\n<div style=\"text-align: justify;\"><\/div>\n<div style=\"text-align: justify;\"><strong>Km. 2,690 Molinos de As Tapadas.<\/strong><\/div>\n<div style=\"text-align: justify;\"><\/div>\n<div style=\"text-align: justify;\">El Xabri\u00f1a serpentea y sus cristalinas aguas reflejan toda la c\u00fapula vegetal que nos ampara de los rayos solares. Pasamos junto a un conjunto de tres molinos, \u00abdas <a href=\"http:\/\/www.apontedaspartidas.com\/wp-content\/uploads\/2012\/11\/conjunto-etnografico-do-campado.gif\"><img loading=\"lazy\" decoding=\"async\" class=\"alignright size-thumbnail wp-image-181\" title=\"conjunto etnografico do campado\" src=\"http:\/\/www.apontedaspartidas.com\/wp-content\/uploads\/2012\/11\/conjunto-etnografico-do-campado-150x133.gif\" alt=\"\" width=\"150\" height=\"133\" \/><\/a>Tapadas\u00bb y a un puente peatonal de losas de piedra y pronto alcanzamos otro de los atractivos de este sendero.<br \/>\n<strong><\/strong><\/div>\n<div style=\"text-align: justify;\"><\/div>\n<div style=\"text-align: justify;\"><strong>Km. 2,990 Puzo do Demo.\u00a0<\/strong><\/div>\n<div style=\"text-align: justify;\"><\/div>\n<div style=\"text-align: justify;\">Este tramo es, tal vez, de lo m\u00e1s espectacular de todo el r\u00edo Xabri\u00f1a. Es un corto ca\u00f1\u00f3n fluvial que en alg\u00fan punto presenta un corte en la roca de poco m\u00e1s de un metro de ancho por diez de profundidad en donde se suceden las cascadas, pozas y toboganes que en funci\u00f3n del caudal del r\u00edo su aspecto cambia sustancialmente.<br \/>\nSeguimos por la \u00ablevada\u00bb hasta su comienzo junto a un terrapl\u00e9n de la carretera N-559 que enlaza la A-52 con la N-120 en Para\u00f1os. Superamos el desnivel para alcanzar el nivel de la carretera a traves de unas escaleras en diagonal y con pasos consolidados con postes de madera.<\/div>\n","protected":false},"excerpt":{"rendered":"<p>El r\u00edo\u00a0Xabri\u00f1a,\u00a0afluente del Tea, se convierte en el verdadero protagonista de esta ruta circular que parte de la parroquia de\u00a0Para\u00f1os\u00a0y que visita otros lugares como\u00a0Prado de Canda\u00a0y\u00a0A Lamosa. ver galer\u00eda Adem\u00e1s de la exquisita vegetaci\u00f3n que presenta en sus orillas, &hellip; <a href=\"https:\/\/apontedaspartidas.com\/?page_id=36\">Sigue leyendo <span class=\"meta-nav\">&rarr;<\/span><\/a><\/p>\n","protected":false},"author":1,"featured_media":0,"parent":173,"menu_order":0,"comment_status":"closed","ping_status":"open","template":"","meta":{"_monsterinsights_skip_tracking":false,"_monsterinsights_sitenote_active":false,"_monsterinsights_sitenote_note":"","_monsterinsights_sitenote_category":0,"ngg_post_thumbnail":0,"footnotes":""},"class_list":["post-36","page","type-page","status-publish","hentry"],"yoast_head":"<!-- This site is optimized with the Yoast SEO plugin v27.4 - https:\/\/yoast.com\/product\/yoast-seo-wordpress\/ -->\n<title>Ruta PRG-119 del Xabri\u00f1a - A PONTE DAS PARTIDAS<\/title>\n<meta name=\"robots\" content=\"index, follow, max-snippet:-1, max-image-preview:large, max-video-preview:-1\" \/>\n<link rel=\"canonical\" href=\"https:\/\/apontedaspartidas.com\/?page_id=36\" \/>\n<meta property=\"og:locale\" content=\"es_ES\" \/>\n<meta property=\"og:type\" content=\"article\" \/>\n<meta property=\"og:title\" content=\"Ruta PRG-119 del Xabri\u00f1a - A PONTE DAS PARTIDAS\" \/>\n<meta property=\"og:description\" content=\"El r\u00edo\u00a0Xabri\u00f1a,\u00a0afluente del Tea, se convierte en el verdadero protagonista de esta ruta circular que parte de la parroquia de\u00a0Para\u00f1os\u00a0y que visita otros lugares como\u00a0Prado de Canda\u00a0y\u00a0A Lamosa. ver galer\u00eda Adem\u00e1s de la exquisita vegetaci\u00f3n que presenta en sus orillas, &hellip; Sigue leyendo &rarr;\" \/>\n<meta property=\"og:url\" content=\"https:\/\/apontedaspartidas.com\/?page_id=36\" \/>\n<meta property=\"og:site_name\" content=\"A PONTE DAS PARTIDAS\" \/>\n<meta property=\"article:modified_time\" content=\"2013-01-14T19:27:37+00:00\" \/>\n<meta property=\"og:image\" content=\"http:\/\/www.apontedaspartidas.com\/wp-content\/uploads\/2012\/11\/lagar-de-cera-de-Tio-Bernardo-150x133.gif\" \/>\n<meta name=\"twitter:label1\" content=\"Tiempo de lectura\" \/>\n\t<meta name=\"twitter:data1\" content=\"5 minutos\" \/>\n<script type=\"application\/ld+json\" class=\"yoast-schema-graph\">{\"@context\":\"https:\\\/\\\/schema.org\",\"@graph\":[{\"@type\":\"WebPage\",\"@id\":\"https:\\\/\\\/apontedaspartidas.com\\\/?page_id=36\",\"url\":\"https:\\\/\\\/apontedaspartidas.com\\\/?page_id=36\",\"name\":\"Ruta PRG-119 del Xabri\u00f1a - A PONTE DAS PARTIDAS\",\"isPartOf\":{\"@id\":\"https:\\\/\\\/apontedaspartidas.com\\\/#website\"},\"primaryImageOfPage\":{\"@id\":\"https:\\\/\\\/apontedaspartidas.com\\\/?page_id=36#primaryimage\"},\"image\":{\"@id\":\"https:\\\/\\\/apontedaspartidas.com\\\/?page_id=36#primaryimage\"},\"thumbnailUrl\":\"http:\\\/\\\/www.apontedaspartidas.com\\\/wp-content\\\/uploads\\\/2012\\\/11\\\/lagar-de-cera-de-Tio-Bernardo-150x133.gif\",\"datePublished\":\"2012-11-19T20:16:34+00:00\",\"dateModified\":\"2013-01-14T19:27:37+00:00\",\"breadcrumb\":{\"@id\":\"https:\\\/\\\/apontedaspartidas.com\\\/?page_id=36#breadcrumb\"},\"inLanguage\":\"es\",\"potentialAction\":[{\"@type\":\"ReadAction\",\"target\":[\"https:\\\/\\\/apontedaspartidas.com\\\/?page_id=36\"]}]},{\"@type\":\"ImageObject\",\"inLanguage\":\"es\",\"@id\":\"https:\\\/\\\/apontedaspartidas.com\\\/?page_id=36#primaryimage\",\"url\":\"http:\\\/\\\/www.apontedaspartidas.com\\\/wp-content\\\/uploads\\\/2012\\\/11\\\/lagar-de-cera-de-Tio-Bernardo-150x133.gif\",\"contentUrl\":\"http:\\\/\\\/www.apontedaspartidas.com\\\/wp-content\\\/uploads\\\/2012\\\/11\\\/lagar-de-cera-de-Tio-Bernardo-150x133.gif\"},{\"@type\":\"BreadcrumbList\",\"@id\":\"https:\\\/\\\/apontedaspartidas.com\\\/?page_id=36#breadcrumb\",\"itemListElement\":[{\"@type\":\"ListItem\",\"position\":1,\"name\":\"Portada\",\"item\":\"https:\\\/\\\/apontedaspartidas.com\\\/\"},{\"@type\":\"ListItem\",\"position\":2,\"name\":\"Que hacer\",\"item\":\"https:\\\/\\\/apontedaspartidas.com\\\/?page_id=71\"},{\"@type\":\"ListItem\",\"position\":3,\"name\":\"Rutas de senderismo\",\"item\":\"https:\\\/\\\/apontedaspartidas.com\\\/?page_id=173\"},{\"@type\":\"ListItem\",\"position\":4,\"name\":\"Ruta PRG-119 del Xabri\u00f1a\"}]},{\"@type\":\"WebSite\",\"@id\":\"https:\\\/\\\/apontedaspartidas.com\\\/#website\",\"url\":\"https:\\\/\\\/apontedaspartidas.com\\\/\",\"name\":\"A PONTE DAS PARTIDAS\",\"description\":\"Apartamentos en el rural gallego\",\"potentialAction\":[{\"@type\":\"SearchAction\",\"target\":{\"@type\":\"EntryPoint\",\"urlTemplate\":\"https:\\\/\\\/apontedaspartidas.com\\\/?s={search_term_string}\"},\"query-input\":{\"@type\":\"PropertyValueSpecification\",\"valueRequired\":true,\"valueName\":\"search_term_string\"}}],\"inLanguage\":\"es\"}]}<\/script>\n<!-- \/ Yoast SEO plugin. -->","yoast_head_json":{"title":"Ruta PRG-119 del Xabri\u00f1a - A PONTE DAS PARTIDAS","robots":{"index":"index","follow":"follow","max-snippet":"max-snippet:-1","max-image-preview":"max-image-preview:large","max-video-preview":"max-video-preview:-1"},"canonical":"https:\/\/apontedaspartidas.com\/?page_id=36","og_locale":"es_ES","og_type":"article","og_title":"Ruta PRG-119 del Xabri\u00f1a - A PONTE DAS PARTIDAS","og_description":"El r\u00edo\u00a0Xabri\u00f1a,\u00a0afluente del Tea, se convierte en el verdadero protagonista de esta ruta circular que parte de la parroquia de\u00a0Para\u00f1os\u00a0y que visita otros lugares como\u00a0Prado de Canda\u00a0y\u00a0A Lamosa. ver galer\u00eda Adem\u00e1s de la exquisita vegetaci\u00f3n que presenta en sus orillas, &hellip; Sigue leyendo &rarr;","og_url":"https:\/\/apontedaspartidas.com\/?page_id=36","og_site_name":"A PONTE DAS PARTIDAS","article_modified_time":"2013-01-14T19:27:37+00:00","og_image":[{"url":"http:\/\/www.apontedaspartidas.com\/wp-content\/uploads\/2012\/11\/lagar-de-cera-de-Tio-Bernardo-150x133.gif","type":"","width":"","height":""}],"twitter_misc":{"Tiempo de lectura":"5 minutos"},"schema":{"@context":"https:\/\/schema.org","@graph":[{"@type":"WebPage","@id":"https:\/\/apontedaspartidas.com\/?page_id=36","url":"https:\/\/apontedaspartidas.com\/?page_id=36","name":"Ruta PRG-119 del Xabri\u00f1a - A PONTE DAS PARTIDAS","isPartOf":{"@id":"https:\/\/apontedaspartidas.com\/#website"},"primaryImageOfPage":{"@id":"https:\/\/apontedaspartidas.com\/?page_id=36#primaryimage"},"image":{"@id":"https:\/\/apontedaspartidas.com\/?page_id=36#primaryimage"},"thumbnailUrl":"http:\/\/www.apontedaspartidas.com\/wp-content\/uploads\/2012\/11\/lagar-de-cera-de-Tio-Bernardo-150x133.gif","datePublished":"2012-11-19T20:16:34+00:00","dateModified":"2013-01-14T19:27:37+00:00","breadcrumb":{"@id":"https:\/\/apontedaspartidas.com\/?page_id=36#breadcrumb"},"inLanguage":"es","potentialAction":[{"@type":"ReadAction","target":["https:\/\/apontedaspartidas.com\/?page_id=36"]}]},{"@type":"ImageObject","inLanguage":"es","@id":"https:\/\/apontedaspartidas.com\/?page_id=36#primaryimage","url":"http:\/\/www.apontedaspartidas.com\/wp-content\/uploads\/2012\/11\/lagar-de-cera-de-Tio-Bernardo-150x133.gif","contentUrl":"http:\/\/www.apontedaspartidas.com\/wp-content\/uploads\/2012\/11\/lagar-de-cera-de-Tio-Bernardo-150x133.gif"},{"@type":"BreadcrumbList","@id":"https:\/\/apontedaspartidas.com\/?page_id=36#breadcrumb","itemListElement":[{"@type":"ListItem","position":1,"name":"Portada","item":"https:\/\/apontedaspartidas.com\/"},{"@type":"ListItem","position":2,"name":"Que hacer","item":"https:\/\/apontedaspartidas.com\/?page_id=71"},{"@type":"ListItem","position":3,"name":"Rutas de senderismo","item":"https:\/\/apontedaspartidas.com\/?page_id=173"},{"@type":"ListItem","position":4,"name":"Ruta PRG-119 del Xabri\u00f1a"}]},{"@type":"WebSite","@id":"https:\/\/apontedaspartidas.com\/#website","url":"https:\/\/apontedaspartidas.com\/","name":"A PONTE DAS PARTIDAS","description":"Apartamentos en el rural gallego","potentialAction":[{"@type":"SearchAction","target":{"@type":"EntryPoint","urlTemplate":"https:\/\/apontedaspartidas.com\/?s={search_term_string}"},"query-input":{"@type":"PropertyValueSpecification","valueRequired":true,"valueName":"search_term_string"}}],"inLanguage":"es"}]}},"_links":{"self":[{"href":"https:\/\/apontedaspartidas.com\/index.php?rest_route=\/wp\/v2\/pages\/36","targetHints":{"allow":["GET"]}}],"collection":[{"href":"https:\/\/apontedaspartidas.com\/index.php?rest_route=\/wp\/v2\/pages"}],"about":[{"href":"https:\/\/apontedaspartidas.com\/index.php?rest_route=\/wp\/v2\/types\/page"}],"author":[{"embeddable":true,"href":"https:\/\/apontedaspartidas.com\/index.php?rest_route=\/wp\/v2\/users\/1"}],"replies":[{"embeddable":true,"href":"https:\/\/apontedaspartidas.com\/index.php?rest_route=%2Fwp%2Fv2%2Fcomments&post=36"}],"version-history":[{"count":34,"href":"https:\/\/apontedaspartidas.com\/index.php?rest_route=\/wp\/v2\/pages\/36\/revisions"}],"predecessor-version":[{"id":457,"href":"https:\/\/apontedaspartidas.com\/index.php?rest_route=\/wp\/v2\/pages\/36\/revisions\/457"}],"up":[{"embeddable":true,"href":"https:\/\/apontedaspartidas.com\/index.php?rest_route=\/wp\/v2\/pages\/173"}],"wp:attachment":[{"href":"https:\/\/apontedaspartidas.com\/index.php?rest_route=%2Fwp%2Fv2%2Fmedia&parent=36"}],"curies":[{"name":"wp","href":"https:\/\/api.w.org\/{rel}","templated":true}]}}