{"id":697,"date":"2015-07-02T18:30:17","date_gmt":"2015-07-02T18:30:17","guid":{"rendered":"http:\/\/apontedaspartidas.com\/?page_id=697"},"modified":"2019-12-20T18:41:00","modified_gmt":"2019-12-20T18:41:00","slug":"historia-y-leyendas-del-ponte-das-partidas","status":"publish","type":"page","link":"https:\/\/apontedaspartidas.com\/?page_id=697","title":{"rendered":"Historia y leyendas"},"content":{"rendered":"<p style=\"text-align: justify;\"><span style=\"color: #000000;\"><em><strong><br \/>\n<\/strong><\/em><\/span><\/p>\n<p style=\"text-align: justify;\"><span style=\"color: #000000;\"><em>Apartamentos con encanto en el rural Gallego, Ponteareas,  a orillas del r\u00edo Tea, con una  finca de 3.500 m2, ideal para venir con ni\u00f1os que pueden disfrutar de ella con seguridad al estar totalmente cerrada. Dispone la finca  de diferentes espacios, con diversidad de plantas y \u00e1rboles, y sin lugar a dudas lo m\u00e1s llamativo es la tranquilidad que transmite el  lugar.<\/em><\/span><\/p>\n<h1><strong>                            HISTORIA DEL PUENTE. MITOS Y LEYENDAS.<\/strong><\/h1>\n<p>&nbsp;<\/p>\n<p style=\"text-align: justify;\">A ponte das Partidas se encuentra en la parroquia de Moreira, Ponteareas, y ha servido desde haces muchos siglos para unir las orillas del R\u00edo Tea. Aunque cuenta la leyenda que el puente fue construido en una sola noche por los \u00abmouros\u00bb, en realidad se trata de uno de los cuatro puentes de or\u00edgenes romanos que cruzan el r\u00edo desde su nacimiento hasta su desembocadura en el Mi\u00f1o. Se encuentra a escasos kilometros r\u00edo abajo del <a href=\"https:\/\/www.galiciamaxica.eu\/Sitios\/PONTEVEDRA\/ponteareas\/Puente%20de%20los%20Remedios.html\">Puente de los Remedios<\/a>, que se haya en la localidad de Ponteareas. Aunque posiblemente su origen sea romano, el puente conserva muchas caracter\u00edsticas medievales, ya que sufri\u00f3 serias modificaciones a lo largo de la historia, sobre todo en los siglos XIV y XV. Se trata de un construcci\u00f3n de 41 metros de largo por 4 metros de ancho, compuesto de cuatro grandes arcos, de los cuales los dos centrales presentan arcos apuntados y los dos laterales conservan el arco de medio punto primitivo. A los lados tres peque\u00f1os aliviaderos completan el puente. Formaba parte de la v\u00eda que conduc\u00eda desde Tui a Ponteareas para aqu\u00ed unirse con la v\u00eda que iba desde Baiona a Ribadavia.<\/p>\n<table border=\"5\" width=\"500\" cellspacing=\"0\" cellpadding=\"25\" align=\"center\">\n<tbody>\n<tr>\n<td> <a href=\"https:\/\/www.apontedaspartidas.com\/wp-content\/uploads\/2012\/09\/f1a.jpg\"><img loading=\"lazy\" decoding=\"async\" class=\"wp-image-366 alignnone\" title=\"f1a\" src=\"https:\/\/www.apontedaspartidas.com\/wp-content\/uploads\/2012\/09\/f1a.jpg\" alt=\"\" width=\"150\" height=\"229\" \/><\/a><\/td>\n<td><a href=\"https:\/\/www.apontedaspartidas.com\/wp-content\/uploads\/2012\/09\/f2a.jpg\"><img loading=\"lazy\" decoding=\"async\" class=\"wp-image-366 alignnone\" title=\"f2a\" src=\"https:\/\/www.apontedaspartidas.com\/wp-content\/uploads\/2012\/09\/f2a.jpg\" alt=\"\" width=\"150\" height=\"215\" \/><\/a><\/td>\n<\/tr>\n<\/tbody>\n<\/table>\n<p style=\"text-align: justify;\">Hay varias leyendas que explican en nombre de este viejo puente. En una de las cuales nos cuenta que el puente era el centro de reuni\u00f3n de una banda de ladrones que se juntaban aqu\u00ed para \u00abpartir\u00bb (repartir) los botines. Otra nos cuenta como un grupo de caballeros que desde aqu\u00ed \u00abpart\u00edan\u00bb a otros lugares para luchar contra los moros. Otra nos dice que aqu\u00ed se juntaban siete hermanos (Asunci\u00f3n, Luc\u00eda, Mar\u00eda de la O, Marta, Amaro, Blas y Cibr\u00e1n) que decidieron predicar la palabra de Cristo para combatir los males de aquellos remotos tiempos, con lo cual prometieron se proteger\u00edan unos a otros y para ello all\u00ed se juntar\u00edan en este lugar cada cierto tiempo para sellar su uni\u00f3 y luego \u00abpartir\u00bb otra vez en diferentes direcciones. Fue tanta su labor de predicaci\u00f3n y de hacer el bien que cuando murieron crecieron sobre sus cuerpos siete montes, los cuales miraban en direcci\u00f3n al Puente de las Partidas continuando as\u00ed la promesa que hab\u00edan sellado. Todos ellos fueron santos y venerados en las poblaciones donde crecieron esos montes, en los cuales se hicieron siete capillas (Pesqueiras, Ganade, Pico\u00f1a, Ribarteme, Lira, Areas, Gul\u00e1ns).<\/p>\n<table border=\"5\" width=\"500\" cellspacing=\"0\" cellpadding=\"25\" align=\"center\">\n<tbody>\n<tr>\n<td><a href=\"https:\/\/www.apontedaspartidas.com\/wp-content\/uploads\/2012\/09\/f1.jpg\"><img loading=\"lazy\" decoding=\"async\" class=\"wp-image-366 alignnone\" title=\"f1\" src=\"https:\/\/www.apontedaspartidas.com\/wp-content\/uploads\/2012\/09\/f1.jpg\" alt=\"\" width=\"150\" height=\"229\" \/><\/a><\/td>\n<td><a href=\"https:\/\/www.apontedaspartidas.com\/wp-content\/uploads\/2012\/09\/f2.jpg\"><img loading=\"lazy\" decoding=\"async\" class=\"wp-image-366 alignnone\" title=\"f2\" src=\"https:\/\/www.apontedaspartidas.com\/wp-content\/uploads\/2012\/09\/f2.jpg\" alt=\"\" width=\"150\" height=\"215\" \/><\/a><\/td>\n<\/tr>\n<\/tbody>\n<\/table>\n<p style=\"text-align: justify;\" align=\"center\"><strong>Como muchos otros puentes de Galicia, el de Moreira, tambi\u00e9n fue utilizado por numerosas mujeres embarazadas<\/strong> que pretend\u00edan que su gestaci\u00f3n llegase a buen t\u00e9rmino, para ello, a medianoche, esperaban al primer viandante que pasara y este deber\u00eda apadrinar al futuro hijo rezando unas oraciones y tirando unas monedas al r\u00edo. Despu\u00e9s de esto se realizaba una fiesta como si de un verdadero bautizo se tratase. Por esta tradici\u00f3n el puente ha llegado a denominarse tambi\u00e9n Puente de las Paridas.<\/p>\n<p style=\"text-align: justify;\" align=\"center\">Adem\u00e1s del bonito marco natural donde se encuadra, la zona cuenta con un \u00e1rea recreativa con merendero y que, adem\u00e1s, en verano se convierte en una agradable playa fluvial. Para los aficcionados a la pesca, el r\u00edo es apto para la pesca de la famosa y deliciosa lamprea , como as\u00ed lo demuestran las pesqueiras habilitadas en zonas pr\u00f3ximas al puente.<\/p>\n<table border=\"5\" width=\"500\" cellspacing=\"0\" cellpadding=\"25\" align=\"center\">\n<tbody>\n<tr>\n<td><\/td>\n<td><\/td>\n<\/tr>\n<\/tbody>\n<\/table>\n<table border=\"5\" width=\"500\" cellspacing=\"0\" cellpadding=\"25\" align=\"center\">\n<tbody>\n<tr>\n<td><a href=\"https:\/\/www.apontedaspartidas.com\/wp-content\/uploads\/2012\/09\/f5.jpg\"><img loading=\"lazy\" decoding=\"async\" class=\"wp-image-366 aligncenter\" title=\"f5\" src=\"https:\/\/www.apontedaspartidas.com\/wp-content\/uploads\/2012\/09\/f5.jpg\" alt=\"\" width=\"150\" height=\"229\" \/><\/a><\/td>\n<td><a href=\"https:\/\/www.apontedaspartidas.com\/wp-content\/uploads\/2012\/09\/f6.jpg\"><img loading=\"lazy\" decoding=\"async\" class=\"wp-image-366 alignnone\" title=\"f6\" src=\"https:\/\/www.apontedaspartidas.com\/wp-content\/uploads\/2012\/09\/f6.jpg\" alt=\"\" width=\"93\" height=\"136\" \/><\/a><\/td>\n<\/tr>\n<\/tbody>\n<\/table>\n","protected":false},"excerpt":{"rendered":"<p>Apartamentos con encanto en el rural Gallego, Ponteareas, a orillas del r\u00edo Tea, con una finca de 3.500 m2, ideal para venir con ni\u00f1os que pueden disfrutar de ella con seguridad al estar totalmente cerrada. Dispone la finca de diferentes &hellip; <a href=\"https:\/\/apontedaspartidas.com\/?page_id=697\">Sigue leyendo <span class=\"meta-nav\">&rarr;<\/span><\/a><\/p>\n","protected":false},"author":1,"featured_media":0,"parent":0,"menu_order":0,"comment_status":"closed","ping_status":"open","template":"","meta":{"_monsterinsights_skip_tracking":false,"_monsterinsights_sitenote_active":false,"_monsterinsights_sitenote_note":"","_monsterinsights_sitenote_category":0,"ngg_post_thumbnail":0,"footnotes":""},"class_list":["post-697","page","type-page","status-publish","hentry"],"yoast_head":"<!-- This site is optimized with the Yoast SEO plugin v27.4 - https:\/\/yoast.com\/product\/yoast-seo-wordpress\/ -->\n<title>Historia y leyendas - A PONTE DAS PARTIDAS<\/title>\n<meta name=\"robots\" content=\"index, follow, max-snippet:-1, max-image-preview:large, max-video-preview:-1\" \/>\n<link rel=\"canonical\" href=\"https:\/\/apontedaspartidas.com\/?page_id=697\" \/>\n<meta property=\"og:locale\" content=\"es_ES\" \/>\n<meta property=\"og:type\" content=\"article\" \/>\n<meta property=\"og:title\" content=\"Historia y leyendas - A PONTE DAS PARTIDAS\" \/>\n<meta property=\"og:description\" content=\"Apartamentos con encanto en el rural Gallego, Ponteareas, a orillas del r\u00edo Tea, con una finca de 3.500 m2, ideal para venir con ni\u00f1os que pueden disfrutar de ella con seguridad al estar totalmente cerrada. Dispone la finca de diferentes &hellip; Sigue leyendo &rarr;\" \/>\n<meta property=\"og:url\" content=\"https:\/\/apontedaspartidas.com\/?page_id=697\" \/>\n<meta property=\"og:site_name\" content=\"A PONTE DAS PARTIDAS\" \/>\n<meta property=\"article:modified_time\" content=\"2019-12-20T18:41:00+00:00\" \/>\n<meta property=\"og:image\" content=\"https:\/\/apontedaspartidas.com\/wp-content\/uploads\/2012\/09\/f1.jpg\" \/>\n\t<meta property=\"og:image:width\" content=\"288\" \/>\n\t<meta property=\"og:image:height\" content=\"215\" \/>\n\t<meta property=\"og:image:type\" content=\"image\/jpeg\" \/>\n<meta name=\"twitter:label1\" content=\"Tiempo de lectura\" \/>\n\t<meta name=\"twitter:data1\" content=\"3 minutos\" \/>\n<script type=\"application\/ld+json\" class=\"yoast-schema-graph\">{\"@context\":\"https:\\\/\\\/schema.org\",\"@graph\":[{\"@type\":\"WebPage\",\"@id\":\"https:\\\/\\\/apontedaspartidas.com\\\/?page_id=697\",\"url\":\"https:\\\/\\\/apontedaspartidas.com\\\/?page_id=697\",\"name\":\"Historia y leyendas - A PONTE DAS PARTIDAS\",\"isPartOf\":{\"@id\":\"https:\\\/\\\/apontedaspartidas.com\\\/#website\"},\"primaryImageOfPage\":{\"@id\":\"https:\\\/\\\/apontedaspartidas.com\\\/?page_id=697#primaryimage\"},\"image\":{\"@id\":\"https:\\\/\\\/apontedaspartidas.com\\\/?page_id=697#primaryimage\"},\"thumbnailUrl\":\"https:\\\/\\\/www.apontedaspartidas.com\\\/wp-content\\\/uploads\\\/2012\\\/09\\\/f1a.jpg\",\"datePublished\":\"2015-07-02T18:30:17+00:00\",\"dateModified\":\"2019-12-20T18:41:00+00:00\",\"breadcrumb\":{\"@id\":\"https:\\\/\\\/apontedaspartidas.com\\\/?page_id=697#breadcrumb\"},\"inLanguage\":\"es\",\"potentialAction\":[{\"@type\":\"ReadAction\",\"target\":[\"https:\\\/\\\/apontedaspartidas.com\\\/?page_id=697\"]}]},{\"@type\":\"ImageObject\",\"inLanguage\":\"es\",\"@id\":\"https:\\\/\\\/apontedaspartidas.com\\\/?page_id=697#primaryimage\",\"url\":\"https:\\\/\\\/www.apontedaspartidas.com\\\/wp-content\\\/uploads\\\/2012\\\/09\\\/f1a.jpg\",\"contentUrl\":\"https:\\\/\\\/www.apontedaspartidas.com\\\/wp-content\\\/uploads\\\/2012\\\/09\\\/f1a.jpg\"},{\"@type\":\"BreadcrumbList\",\"@id\":\"https:\\\/\\\/apontedaspartidas.com\\\/?page_id=697#breadcrumb\",\"itemListElement\":[{\"@type\":\"ListItem\",\"position\":1,\"name\":\"Portada\",\"item\":\"https:\\\/\\\/apontedaspartidas.com\\\/\"},{\"@type\":\"ListItem\",\"position\":2,\"name\":\"Historia y leyendas\"}]},{\"@type\":\"WebSite\",\"@id\":\"https:\\\/\\\/apontedaspartidas.com\\\/#website\",\"url\":\"https:\\\/\\\/apontedaspartidas.com\\\/\",\"name\":\"A PONTE DAS PARTIDAS\",\"description\":\"Apartamentos en el rural gallego\",\"potentialAction\":[{\"@type\":\"SearchAction\",\"target\":{\"@type\":\"EntryPoint\",\"urlTemplate\":\"https:\\\/\\\/apontedaspartidas.com\\\/?s={search_term_string}\"},\"query-input\":{\"@type\":\"PropertyValueSpecification\",\"valueRequired\":true,\"valueName\":\"search_term_string\"}}],\"inLanguage\":\"es\"}]}<\/script>\n<!-- \/ Yoast SEO plugin. -->","yoast_head_json":{"title":"Historia y leyendas - A PONTE DAS PARTIDAS","robots":{"index":"index","follow":"follow","max-snippet":"max-snippet:-1","max-image-preview":"max-image-preview:large","max-video-preview":"max-video-preview:-1"},"canonical":"https:\/\/apontedaspartidas.com\/?page_id=697","og_locale":"es_ES","og_type":"article","og_title":"Historia y leyendas - A PONTE DAS PARTIDAS","og_description":"Apartamentos con encanto en el rural Gallego, Ponteareas, a orillas del r\u00edo Tea, con una finca de 3.500 m2, ideal para venir con ni\u00f1os que pueden disfrutar de ella con seguridad al estar totalmente cerrada. Dispone la finca de diferentes &hellip; Sigue leyendo &rarr;","og_url":"https:\/\/apontedaspartidas.com\/?page_id=697","og_site_name":"A PONTE DAS PARTIDAS","article_modified_time":"2019-12-20T18:41:00+00:00","og_image":[{"width":288,"height":215,"url":"https:\/\/apontedaspartidas.com\/wp-content\/uploads\/2012\/09\/f1.jpg","type":"image\/jpeg"}],"twitter_misc":{"Tiempo de lectura":"3 minutos"},"schema":{"@context":"https:\/\/schema.org","@graph":[{"@type":"WebPage","@id":"https:\/\/apontedaspartidas.com\/?page_id=697","url":"https:\/\/apontedaspartidas.com\/?page_id=697","name":"Historia y leyendas - A PONTE DAS PARTIDAS","isPartOf":{"@id":"https:\/\/apontedaspartidas.com\/#website"},"primaryImageOfPage":{"@id":"https:\/\/apontedaspartidas.com\/?page_id=697#primaryimage"},"image":{"@id":"https:\/\/apontedaspartidas.com\/?page_id=697#primaryimage"},"thumbnailUrl":"https:\/\/www.apontedaspartidas.com\/wp-content\/uploads\/2012\/09\/f1a.jpg","datePublished":"2015-07-02T18:30:17+00:00","dateModified":"2019-12-20T18:41:00+00:00","breadcrumb":{"@id":"https:\/\/apontedaspartidas.com\/?page_id=697#breadcrumb"},"inLanguage":"es","potentialAction":[{"@type":"ReadAction","target":["https:\/\/apontedaspartidas.com\/?page_id=697"]}]},{"@type":"ImageObject","inLanguage":"es","@id":"https:\/\/apontedaspartidas.com\/?page_id=697#primaryimage","url":"https:\/\/www.apontedaspartidas.com\/wp-content\/uploads\/2012\/09\/f1a.jpg","contentUrl":"https:\/\/www.apontedaspartidas.com\/wp-content\/uploads\/2012\/09\/f1a.jpg"},{"@type":"BreadcrumbList","@id":"https:\/\/apontedaspartidas.com\/?page_id=697#breadcrumb","itemListElement":[{"@type":"ListItem","position":1,"name":"Portada","item":"https:\/\/apontedaspartidas.com\/"},{"@type":"ListItem","position":2,"name":"Historia y leyendas"}]},{"@type":"WebSite","@id":"https:\/\/apontedaspartidas.com\/#website","url":"https:\/\/apontedaspartidas.com\/","name":"A PONTE DAS PARTIDAS","description":"Apartamentos en el rural gallego","potentialAction":[{"@type":"SearchAction","target":{"@type":"EntryPoint","urlTemplate":"https:\/\/apontedaspartidas.com\/?s={search_term_string}"},"query-input":{"@type":"PropertyValueSpecification","valueRequired":true,"valueName":"search_term_string"}}],"inLanguage":"es"}]}},"_links":{"self":[{"href":"https:\/\/apontedaspartidas.com\/index.php?rest_route=\/wp\/v2\/pages\/697","targetHints":{"allow":["GET"]}}],"collection":[{"href":"https:\/\/apontedaspartidas.com\/index.php?rest_route=\/wp\/v2\/pages"}],"about":[{"href":"https:\/\/apontedaspartidas.com\/index.php?rest_route=\/wp\/v2\/types\/page"}],"author":[{"embeddable":true,"href":"https:\/\/apontedaspartidas.com\/index.php?rest_route=\/wp\/v2\/users\/1"}],"replies":[{"embeddable":true,"href":"https:\/\/apontedaspartidas.com\/index.php?rest_route=%2Fwp%2Fv2%2Fcomments&post=697"}],"version-history":[{"count":4,"href":"https:\/\/apontedaspartidas.com\/index.php?rest_route=\/wp\/v2\/pages\/697\/revisions"}],"predecessor-version":[{"id":793,"href":"https:\/\/apontedaspartidas.com\/index.php?rest_route=\/wp\/v2\/pages\/697\/revisions\/793"}],"wp:attachment":[{"href":"https:\/\/apontedaspartidas.com\/index.php?rest_route=%2Fwp%2Fv2%2Fmedia&parent=697"}],"curies":[{"name":"wp","href":"https:\/\/api.w.org\/{rel}","templated":true}]}}